{"id":350,"date":"2020-05-14T16:14:07","date_gmt":"2020-05-14T16:14:07","guid":{"rendered":"https:\/\/startersites.io\/blocksy\/app\/?page_id=3"},"modified":"2026-04-07T10:51:14","modified_gmt":"2026-04-07T08:51:14","slug":"privacy-policy","status":"publish","type":"page","link":"https:\/\/www.wimmoney.de\/en\/privacy-policy","title":{"rendered":"Legal framework"},"content":{"rendered":"<p class=\"has-large-font-size\"><strong>Privacy Policy<\/strong><\/p>\n\n\n\n<p class=\"has-medium-font-size translation-block\">WimMoney does not collect any personal data.\nWimMoney does not share any personal data or account information with third parties.\nWimMoney does not track user behavior and does not use Google Analytics.\n\nWimMoney uses the following products, installed by default or by the user:\n- Camera\n- Image viewing apps\n- File system\n- Internet connections\nPlease refer to the privacy policy of these products.\n\nWimMoney anonymously retrieves exchange rates from the following service providers free of charge.\nhttps:\/\/open.er-api.com\nhttps:\/\/www.ecb.europa.eu<\/p>\n\n\n\n<p class=\"has-large-font-size\"><strong>Purpose of use<\/strong><\/p>\n\n\n\n<p class=\"has-medium-font-size translation-block\">WimMoney is intended exclusively for private use.\nWimMoney does not meet the requirements for professional or commercial use and may therefore not be used in such an environment.<\/p>\n\n\n\n<p class=\"has-large-font-size\"><strong>Disclaimer<\/strong><\/p>\n\n\n\n<p class=\"has-medium-font-size translation-block\">No liability is assumed for damages caused by WimMoney.\nIt is the sole responsibility of the user to take appropriate measures (e.g., securing the device) before installing or using WimMoney to prevent damage and costs that may arise from WimMoney.\nSoftware errors are repaired under the warranty.<\/p>\n\n\n\n<p class=\"has-large-font-size\"><strong>Warranty<\/strong><\/p>\n\n\n\n<p class=\"has-medium-font-size translation-block\">The warranty is limited to bug fixes in the next update.\nAny damage caused by software errors is not covered by the warranty.<\/p>\n\n\n\n<p class=\"has-large-font-size\"><strong>Licenses<\/strong><\/p>\n\n\n\n<p class=\"has-medium-font-size translation-block\">WimMoney can be tested free of charge for 7 days with full functionality and no ads.\nAfter the trial period, WimMoney can no longer be used.\nBy purchasing the license for \u20ac2.79, full functionality is unlocked again, without a time limit and without ads.\nThe license entitles you to install WimMoney on all devices with a Google account.\nThe license includes all future updates.<\/p>\n\n\n\n<p><\/p>","protected":false},"excerpt":{"rendered":"<p>Datenschutzerkl\u00e4rung WimMoney erhebt keine personenbezogenen Daten.WimMoney gibt keine personenbezogenen Daten oder Account-Informationen an Dritte weiter.WimMoney zeichnet nicht das Benutzerverhalten auf und verwendet nicht Google Analytics. WimMoney nutzt folgende auf dem Ger\u00e4t standardm\u00e4\u00dfig oder vom Anwender selber installierte Produkte&#8211; Kamera&#8211; Apps zur Anzeige von Bildern&#8211; Filesystem&#8211; InternetverbindungenHier wird auf die Datenschutzbestimmung dieser Produkte verwiesen. WimMoney ruft [&hellip;]<\/p>\n","protected":false},"author":1,"featured_media":0,"parent":0,"menu_order":0,"comment_status":"closed","ping_status":"open","template":"","meta":{"footnotes":""},"class_list":["post-350","page","type-page","status-publish","hentry"],"blocksy_meta":{"styles_descriptor":{"styles":{"desktop":"","tablet":"","mobile":""},"google_fonts":[],"version":6}},"_links":{"self":[{"href":"https:\/\/www.wimmoney.de\/en\/wp-json\/wp\/v2\/pages\/350","targetHints":{"allow":["GET"]}}],"collection":[{"href":"https:\/\/www.wimmoney.de\/en\/wp-json\/wp\/v2\/pages"}],"about":[{"href":"https:\/\/www.wimmoney.de\/en\/wp-json\/wp\/v2\/types\/page"}],"author":[{"embeddable":true,"href":"https:\/\/www.wimmoney.de\/en\/wp-json\/wp\/v2\/users\/1"}],"replies":[{"embeddable":true,"href":"https:\/\/www.wimmoney.de\/en\/wp-json\/wp\/v2\/comments?post=350"}],"version-history":[{"count":6,"href":"https:\/\/www.wimmoney.de\/en\/wp-json\/wp\/v2\/pages\/350\/revisions"}],"predecessor-version":[{"id":595,"href":"https:\/\/www.wimmoney.de\/en\/wp-json\/wp\/v2\/pages\/350\/revisions\/595"}],"wp:attachment":[{"href":"https:\/\/www.wimmoney.de\/en\/wp-json\/wp\/v2\/media?parent=350"}],"curies":[{"name":"wp","href":"https:\/\/api.w.org\/{rel}","templated":true}]}}